{"id":3,"date":"2025-05-20T16:37:01","date_gmt":"2025-05-20T14:37:01","guid":{"rendered":"https:\/\/www.styloop.it\/?page_id=3"},"modified":"2025-06-12T20:22:00","modified_gmt":"2025-06-12T18:22:00","slug":"privacy-policy","status":"publish","type":"page","link":"https:\/\/www.styloop.it\/en\/privacy-policy\/","title":{"rendered":"Privacy Policy"},"content":{"rendered":"\n<div class=\"wp-block-group policy-content-wrapper is-layout-constrained wp-container-core-group-is-layout-28ad752c wp-block-group-is-layout-constrained\">\n<h2 class=\"wp-block-heading\">Informativa sul trattamento dei dati personali ai sensi degli artt.13 e 14 del Regolamento (UE) 2016\/679<\/h2>\n\n\n\n<p>Mimma moda srl., in qualit\u00e0 di Titolare del trattamento (d\u2019ora in avanti: \u201cMimma Moda\u201d o \u201cTitolare\u201d) ai sensi del Regolamento (UE) 2016\/679 (cd. Regolamento Generale per la Protezione dei Dati Personali, d\u2019ora in avanti \u201cRegolamento\u201d) e del D.lgs. n. 196\/2003 (cd. Codice in materia di protezione dei dati personali, di seguito \u201cCodice\u201d) \u2013 considera la privacy e la tutela dei dati personali uno degli obiettivi principali della propria attivit\u00e0. La invitiamo, dunque, prima di comunicare qualsiasi dato personale al Titolare, a leggere con attenzione la presente Privacy Policy perch\u00e9 contiene informazioni importanti sulla tutela dei Suoi dati personali.\u2028<\/p>\n\n\n\n<p>La presente Privacy Policy:<\/p>\n\n\n\n<ul class=\"wp-block-list\">\n<li>si intende resa per il sito&nbsp;https:\/\/styloop.it d\u2019ora in avanti: \u201cSito\u201d;\u2028<\/li>\n\n\n\n<li>costituisce parte integrante del Sito e dei servizi che offriamo;\u2028<\/li>\n\n\n\n<li>\u00e8 resa, ai sensi degli artt. 13 e 14 del Regolamento, a coloro che interagiscono con i servizi web del Sito, sia mediante la semplice consultazione che mediante l\u2019utilizzo di specifici servizi messi a disposizione tramite il Sito (a titolo esemplificativo, l\u2019acquisto di prodotti, la compilazione dei form online per la richiesta di informazioni o per l\u2019iscrizione alla newsletter), nonch\u00e9 con gli altri servizi erogati tramite Sito (assistenza tramite WhatsApp ).<\/li>\n<\/ul>\n\n\n\n<hr class=\"wp-block-separator has-alpha-channel-opacity\"\/>\n\n\n\n<p>\u2028Il trattamento dei Suoi dati personali sar\u00e0 improntato ai principi di correttezza, liceit\u00e0, trasparenza, limitazione delle finalit\u00e0 e della conservazione, minimizzazione ed esattezza, integrit\u00e0 e riservatezza, nonch\u00e9 al principio di responsabilizzazione di cui all\u2019art. 5 del Regolamento. I Suoi dati personali verranno, pertanto, trattati in conformit\u00e0 alla normativa in materia di protezione dei dati personali e agli obblighi di riservatezza previsti.\u2028Per \u201ctrattamento di dati personali\u201d intendiamo qualsiasi operazione o insieme di operazioni, compiute con o senza l&#8217;ausilio di processi automatizzati e applicate a dati personali o insiemi di dati personali, come la raccolta, la registrazione, l&#8217;organizzazione, la strutturazione, la conservazione, l&#8217;adattamento o la modifica, l&#8217;estrazione, la consultazione, l&#8217;uso, la comunicazione mediante trasmissione, diffusione o qualsiasi altra forma di messa a disposizione, il raffronto o l&#8217;interconnessione, la limitazione, la cancellazione o la distruzione.<\/p>\n\n\n\n<h2 class=\"wp-block-heading\">INDICE<\/h2>\n\n\n\n<p>Di seguito forniamo l\u2019indice della presente Privacy Policy cos\u00ec che Lei possa facilmente trovare le informazioni inerenti al trattamento dei Suoi dati personali che La interessano.<\/p>\n\n\n\n<ol class=\"wp-block-list\">\n<li>TITOLARE DEL TRATTAMENTO<\/li>\n\n\n\n<li>I DATI PERSONALI OGGETTO DI TRATTAMENTO\u2028<br>a. Dati di navigazione\u2028<br>b. Dati forniti volontariamente dall\u2019utente\u2028<br>c. Dati trattati in ragione dei servizi resi online\u2028<br>d. Dati di terzi volontariamente forniti dall\u2019utente<br>\u2028e. Cookie<\/li>\n\n\n\n<li>FINALIT\u00c0 DEL TRATTAMENTO<\/li>\n\n\n\n<li>BASE LEGALE E NATURA OBBLIGATORIA O FACOLTATIVA DEL TRATTAMENTO<\/li>\n\n\n\n<li>DESTINATARI DEI DATI PERSONALI<\/li>\n\n\n\n<li>CONSERVAZIONE DEI DATI PERSONALI<\/li>\n\n\n\n<li>DIRITTI DELL\u2019INTERESSATO<\/li>\n\n\n\n<li>CONTATTI<\/li>\n<\/ol>\n\n\n\n<p><\/p>\n\n\n\n<h2 class=\"wp-block-heading\">1. TITOLARE E RESPONSABILE DELLA PROTEZIONE DEI DATI<\/h2>\n\n\n\n<p>Titolare del trattamento \u00e8 Mimma moda srl., con sede in Foligno (Perugia, Italia), frazione Solomeo, Via Ezio Bartolomei , codice fiscale e numero di iscrizione al Registro delle Imprese di Perugia 01979100540.\u2028<\/p>\n\n\n\n<h2 class=\"wp-block-heading\">2. I DATI PERSONALI OGGETTO DI TRATTAMENTO<\/h2>\n\n\n\n<p>La informiamo che i dati personali oggetto di trattamento potranno essere costituiti da un identificativo come il nome, un numero di identificazione, dati relativi all&#8217;ubicazione, a un identificativo online o a uno o pi\u00f9 elementi caratteristici della sua identit\u00e0 fisica, fisiologica, psichica, economica, culturale o sociale idonea a rendere l\u2019interessato identificato o identificabile, a seconda del tipo di servizi richiesti (di seguito solo \u201cdati personali\u201d).\u2028I dati personali trattati attraverso il Sito sono i seguenti:<\/p>\n\n\n\n<ol class=\"wp-block-list\">\n<li><\/li>\n<\/ol>\n\n\n\n<p><strong>a. Dati di navigazione<\/strong><br>I sistemi informatici e le procedure software preposte al funzionamento del Sito acquisiscono, nel corso del loro normale esercizio, alcuni dati personali la cui trasmissione \u00e8 implicita nell&#8217;uso dei protocolli di comunicazione di Internet. Si tratta di informazioni che non sono raccolte per essere associate a interessati identificati, ma che per loro stessa natura potrebbero, attraverso elaborazioni ed associazioni con dati detenuti da terzi, permettere di identificare gli utenti. In questa categoria di dati rientrano gli indirizzi IP o i nomi a dominio dei computer utilizzati dagli utenti che si connettono al Sito, gli indirizzi in notazione URI (Uniform Resource Identifier) delle risorse richieste, l&#8217;orario della richiesta, il metodo utilizzato nel sottoporre la richiesta al server, la dimensione del file ottenuto in risposta, il codice numerico indicante lo stato della risposta data dal server (buon fine, errore, etc.) ed altri parametri relativi al sistema operativo e all&#8217;ambiente informatico dell&#8217;utente. Questi dati vengono utilizzati al solo fine di ricavare informazioni statistiche anonime sull&#8217;uso del Sito per controllarne il corretto funzionamento, per identificare anomalie e\/o abusi; in ogni caso vengono cancellati immediatamente dopo l&#8217;elaborazione. I dati potrebbero essere utilizzati per l&#8217;accertamento di responsabilit\u00e0 in caso di ipotetici reati informatici ai danni del Sito o di terzi.<\/p>\n\n\n\n<p><strong>b. Dati volontariamente forniti dall\u2019utente<\/strong><br>La presente Privacy Policy si intende resa anche per il trattamento dei dati da Lei volontariamente inseriti nei vari form contenuti all\u2019interno del Sito, come, ad esempio:<\/p>\n\n\n\n<ul class=\"wp-block-list\">\n<li>il form di richiesta di informazioni nella sezione \u201cinfo customizzazione\u201d, attraverso cui Le verr\u00e0 richiesto di inserire il Suo nome, il Suo cognome e i Suoi dati di contatto -indirizzo e-mail e numero di telefono &#8211; nonch\u00e9 di formulare la Sua specifica richiesta, la quale potr\u00e0 eventualmente contenere ulteriori Suoi dati personali;<br>Con riferimento a tali tipi di dati, La invitiamo a inserire all\u2019interno dei predetti form, soltanto i dati personali strettamente necessari ai fini della gestione della Sua richiesta.<\/li>\n<\/ul>\n\n\n\n<p><strong>c. Dati trattati in ragione dei servizi resi online<\/strong><\/p>\n\n\n\n<p>La presente Privacy Policy si intende resa anche per il trattamento dei dati da Lei volontariamente conferiti ai fini dell\u2019esecuzione dei servizi resi online, con particolare riferimento ai seguenti servizi:<\/p>\n\n\n\n<ul class=\"wp-block-list\">\n<li>registrazione e accesso alla Sua area personale, nell\u2019ambito della quale potranno essere trattati (in base ai dati da Lei salvati)i Suoi dati anagrafici,di contatto, i suoi indirizzi di spedizione, le sue carte di credito, le sue preferenze di prodotto. I dati delle eventuali carte di credito salvate nella Sua area personale saranno gestite tramite service provider esterno, in conformit\u00e0 con la normativa PCI;<\/li>\n\n\n\n<li>conclusione ed esecuzione dei contratti d\u2019acquisto (ivi compreso servizio di verifica dello stato degli ordini), nell\u2019ambito della quale verranno trattati i Suoi dati anagrafici, di contatto e relativi all\u2019indirizzo di consegna dei prodotti acquistati nonch\u00e9 ogni informazione inerente alla Sua esperienza di acquisto, tra cui la conferma dell\u2019avvenuto pagamento tramite le modalit\u00e0 Apple Pay o PayPal; al riguardo, si precisa che, in seguito alla scelta da parte Sua di utilizzare tali modalit\u00e0 di pagamento, Apple e PayPal, quali autonomi titolari del trattamento, provvedono a comunicare a Mimma Moda la circostanza dell\u2019avvenuto pagamento e le informazioni necessarie alla spedizione dell\u2019ordine;<\/li>\n\n\n\n<li>effettuazione di eventuali resi, nell\u2019ambito della quale verranno trattati i Suoi dati anagrafici, di contatto e relativi all\u2019indirizzo di eventuale ritiro dei prodotti resi nonch\u00e9 ogni informazione inerente alla Sua esperienza di acquisto e reso;<br>In generale, inoltre, il Titolare tratter\u00e0 ogni informazione inerente ai Suoi acquisti (tipologia di prodotto, data di acquisto, importo speso nonch\u00e9, in via generale, le Sue scelte di acquisto, le Sue preferenze e i Suoi comportamenti di navigazione sul Sito) e derivante dalle attivit\u00e0 svolte online all\u2019interno del Sito per finalit\u00e0 di profilazione, con e senza ricadute personalizzate, come di seguito meglio specificato; il Titolare tratter\u00e0, altres\u00ec, le informazioni derivanti dalle Sue scelte di personalizzazione dei contenuti della newsletter.<\/li>\n<\/ul>\n\n\n\n<p><strong>d. Dati di terzi volontariamente forniti dall\u2019utente<\/strong><\/p>\n\n\n\n<p>Nell&#8217;utilizzo dei servizi del Sito potrebbe verificarsi un trattamento di dati personali di terzi soggetti, da Lei comunicati a Mimma Moda (come, ad esempio, nel caso di dati rilasciati per l\u2019acquisto di prodotti da spedire a soggetti terzi; per i pagamenti conclusi con coordinate bancarie di terzi; per scopi di fatturazione; ancora, nel caso in cui Lei richieda informazioni nell\u2019ambito della sezione \u201cContattaci\u201d del Sito). Rispetto a queste ipotesi, Lei si pone come autonomo titolare del trattamento, assumendosi tutti gli obblighi e le responsabilit\u00e0 di legge. In tal senso, Lei conferisce sul punto la pi\u00f9 ampia manleva rispetto ad ogni contestazione, pretesa, richiesta di risarcimento del danno da trattamento, etc. che dovesse pervenire al Titolare del trattamento da terzi soggetti, i cui dati personali siano stati trattati attraverso il suo utilizzo dei servizi del Sito in violazione delle norme sulla tutela dei dati personali applicabili. In ogni caso, qualora Lei fornisca o in altro modo tratti dati personali di terzi nell&#8217;utilizzo del Sito, garantisce fin da ora &#8211; assumendosene ogni connessa responsabilit\u00e0 &#8211; che tale particolare ipotesi di trattamento si fonda, ove necessario, sulla previa acquisizione &#8211; da parte Sua &#8211; del consenso del terzo al trattamento delle informazioni che lo riguardano.<\/p>\n\n\n\n<p><strong>e. Cookie ed altre tecnologie di tracciamento<\/strong><br>Le informazioni sui cookie serviti dal Sito sono disponibili&nbsp;<a href=\"https:\/\/shop.brunellocucinelli.com\/it-it\/cookiepolicy\">qui<\/a>.<\/p>\n\n\n\n<h2 class=\"wp-block-heading\">3. FINALIT\u00c0 DEL TRATTAMENTO<\/h2>\n\n\n\n<p>I suoi dati personali verranno trattati, con il Suo consenso ove necessario, per le seguenti finalit\u00e0, ove applicabili:<br>3.1.&nbsp;consentire la navigazione del Sito, la registrazione nelle aree private, la disattivazione del Suo account \u2013 a seguito di Sua richiesta &#8211; per un periodo massimo di 12 mesi e l\u2019erogazione di tutti gli altri servizi ivi messi a disposizione dal Titolare (quali, a titolo esemplificativo e non esaustivo, quello di vendita on-line, l\u2019effettuazione dei resi, la verifica dello stato degli ordini effettuati, il salvataggio degli indirizzi preferiti di consegna della merce acquistata sul Sito.), compresa la gestione della sicurezza del Sito, nonch\u00e9 delle relazioni contrattuali e amministrativo contabili e dei servizi post-vendita;.\u20283.2.&nbsp;riscontrare specifiche richieste rivolte al Titolare, anche in relazione al post-vendita, comprese le richieste di Assistenza Clienti e di informazioni (ad es. relativamente alla gestione della garanzia dei prodotti) inoltrate mediante la compilazione dei relativi moduli di contatto presenti sul Sito nonch\u00e9 attraverso la chat e il servizio di messaggistica istantanea;\u20283.3.&nbsp;adempiere eventuali obblighi previsti dalle leggi vigenti, da regolamenti o dalla normativa comunitaria, o soddisfare richieste provenienti dalle autorit\u00e0;\u20283.4.&nbsp;invio diretto via e-mail e posta cartacea di materiale pubblicitario e comunicazioni commerciali in relazione a prodotti o servizi analoghi a quelli da Lei acquistati, ai sensi dell\u2019art. 130, comma 4 del Codice nonch\u00e9 del Provvedimento dell\u2019Autorit\u00e0 Garante per la protezione dei dati personali del 19 giugno 2008, salvo Suo rifiuto espresso a ricevere tali comunicazioni, che potr\u00e0 esprimere in fase di registrazione al Sito o in occasioni successive;\u20283.5.&nbsp;inviarLe comunicazioni e proposte commerciali, incluse newsletter (delle quali Lei potr\u00e0 personalizzare i contenuti), attraverso strumenti automatizzati (sms, mms, email, messaggistica istantanea e chat) e non (posta cartacea, telefono); si precisa che il Titolare raccoglie un unico consenso per le finalit\u00e0 di marketing qui descritte, ai sensi del Provvedimento Generale del Garante per la Protezione dei Dati Personali &#8220;Linee guida in materia di attivit\u00e0 promozionale e contrasto allo spam\u201d del 4 luglio 2013; qualora, in ogni caso, Lei desiderasse opporsi al trattamento dei Suoi dati per le finalit\u00e0 di marketing eseguito con i mezzi qui indicati, potr\u00e0 in qualunque momento farlo contattando il Titolare senza pregiudicare la liceit\u00e0 del trattamento effettuato prima dell\u2019opposizione;\u20283.6.&nbsp;analizzare i Suoi dati anagrafici, le Sue scelte di acquisto, preferenze, comportamenti di navigazione sul Sito al fine di poterLe inviare comunicazioni e proposte commerciali personalizzate nonch\u00e9, in generale, per attivit\u00e0 di profilazione;\u20283.7.&nbsp;per finalit\u00e0 di profilazione generale, senza ricaduta personalizzata, attraverso lo svolgimento di analisi generali (anche di tipo predittivo o di orientamento strategico) volte alla creazione di elaborazioni statistiche e modelli di calcolo in relazione all\u2019intera base clienti; tale finalit\u00e0 implica il trattamento dei Suoi dati su base aggregata e in forma pseudonimizzata ed \u00e8 direttamente prodromica e strumentale al perseguimento delle finalit\u00e0 di cui alle sezioni 3.5 e 3.6 della presente informativa bench\u00e9 da esse distinta;\u20283.8.&nbsp;soddisfare eventuali esigenze difensive;\u20283.9.&nbsp;per scopi di valutazione e monitoraggio statistico; tale finalit\u00e0 implica un\u2019analisi di informazioni aggregate non riferibili a persone fisiche identificate o identificabili e che, pertanto, non configurano dati personali e non consentono in alcun modo al Titolare di risalire alla Sua identit\u00e0.<br>Specifiche misure di sicurezza sono osservate per prevenire la perdita dei dati, usi illeciti o non corretti ed accessi non autorizzati.<\/p>\n\n\n\n<h2 class=\"wp-block-heading\">4. BASE LEGALE E NATURA OBBLIGATORIA O FACOLTATIVA DEL TRATTAMENTO<\/h2>\n\n\n\n<p>La base legale del trattamento di dati personali per le finalit\u00e0 di cui alla sezione 3.1 e 3.2 \u00e8 l\u2019art. 6, par. 1, lett. b) del Regolamento ([\u2026]il trattamento \u00e8 necessario all&#8217;esecuzione di un contratto di cui l&#8217;interessato \u00e8 parte o all&#8217;esecuzione di misure precontrattuali adottate su richiesta dello stesso), in quanto i trattamenti sono necessari all&#8217;erogazione dei servizi. Il conferimento dei dati personali per queste finalit\u00e0 \u00e8 facoltativo, ma l&#8217;eventuale mancato conferimento comporterebbe l&#8217;impossibilit\u00e0 di attivare i servizi richiesti.\u2028La finalit\u00e0 di cui alla sezione 3.3 rappresenta un trattamento legittimo di dati personali ai sensi dell\u2019art. 6, par. 1, lett. c) del Regolamento ([\u2026]il trattamento \u00e8 necessario per adempiere un obbligo legale al quale \u00e8 soggetto il titolare del trattamento). Una volta conferiti i dati personali, infatti, il trattamento \u00e8 invero necessario per adempiere ad obblighi di legge a cui il Titolare \u00e8 soggetto.\u2028I trattamenti eseguiti per le finalit\u00e0 di cui alle sezioni 3.5 e 3.6 si basano sul rilascio del Suo consenso ai sensi dell\u2019art. 6, par. 1, lett. a) ([\u2026] l&#8217;interessato ha espresso il consenso al trattamento dei propri dati personali per una o pi\u00f9 specifiche finalit\u00e0) e dell\u2019art. 22, par. 2, lett. c) del Regolamento. Tale consenso \u00e8 revocabile in qualsiasi momento senza pregiudizio alcuno della liceit\u00e0 del trattamento effettuato anteriormente alla revoca in conformit\u00e0 a quanto previsto dall\u2019art. 7 del Regolamento.\u2028Il conferimento dei Suoi dati personali per queste finalit\u00e0 \u00e8 quindi del tutto facoltativo e non pregiudica la fruizione dei servizi. Qualora desiderasse opporsi al trattamento dei Suoi dati per le finalit\u00e0 di marketing e profilazione, potr\u00e0 in qualunque momento farlo contattando il Titolare tramite le Impostazioni Privacy contenute all\u2019interno della Sua Area Personale. Con riferimento alla finalit\u00e0 di cui al punto 3.4, si precisa che se il Titolare utilizza, a fini di vendita diretta di propri prodotti o servizi, le coordinate di posta elettronica o cartacea fornite dall&#8217;interessato nel contesto della vendita di un prodotto o di un servizio, pu\u00f2, ai sensi dell\u2019art. 130, comma 4 del Codice, non richiedere il consenso dell&#8217;interessato, sempre che si tratti di prodotti o servizi analoghi a quelli oggetto della vendita e l&#8217;interessato, adeguatamente informato, non rifiuti tale uso, inizialmente o in occasione di successive comunicazioni.\u2028Il trattamento di cui alla sezione 3.7 \u00e8 svolto al fine di perseguire il legittimo interesse del Titolare ex art. 6, par. 1, lett. f) del Regolamento.\u2028Si precisa inoltre che il trattamento di cui alla sezione 3.8 \u00e8 svolto per soddisfare eventuali esigenze difensive del Titolare ai sensi dell\u2019art. 6.1.f) del Regolamento.\u2028Si fa presente come il trattamento di cui alla sezione 3.9, non avendo ad oggetto dati personali, non ricade sotto l\u2019ambito di applicazione della normativa in materia di protezione dei dati personali e pu\u00f2 essere, pertanto, liberamente effettuato dal Titolare.<\/p>\n\n\n\n<h2 class=\"wp-block-heading\">5. DESTINATARI DEI DATI PERSONALI<\/h2>\n\n\n\n<p>I Suoi dati personali potranno essere condivisi, per le finalit\u00e0 di cui alla sezione 3 della presente Privacy Policy, con:<br>5.1.&nbsp;persone autorizzate dal Titolare al trattamento dei dati personali ai sensi degli artt. 29 e 2-quaterdecies del Codice (ad es. il personale addetto alle vendite, all\u2019amministrazione e contabilit\u00e0, all\u2019assistenza post-vendita, al CRM, alla gestione dei sistemi informativi);\u20285.2.&nbsp;terzi soggetti che, nell\u2019erogazione dei servizi (a titolo esemplificativo: servizi tecnologici, servizi di assistenza e consulenza in materia contabile, amministrativa, legale, tributaria e finanziaria, manutenzione tecnica, servizi di trasporto, servizi bancari ed assicurativi), agiscono tipicamente in qualit\u00e0 di responsabili del trattamento ai sensi dell\u2019art. 28 del Regolamento. Il Titolare conserva una lista aggiornata dei responsabili del trattamento nominati e ne garantisce la presa visione all\u2019interessato presso la sede sopra indicata o previa richiesta indirizzata ai recapiti sopra indicati;\u20285.3.&nbsp;terzi soggetti incaricati dell\u2019esecuzione delle attivit\u00e0 di cui alla presente informativa con i quali Mimma Moda abbia stipulato accordi commerciali;\u20285.4.&nbsp;soggetti, enti od autorit\u00e0 a cui sia obbligatorio comunicare i Suoi dati personali in forza di disposizioni di legge o di ordini delle autorit\u00e0.<br>Tali soggetti sono, di seguito, collettivamente definiti come \u201cDestinatari\u201d.<\/p>\n\n\n\n<h2 class=\"wp-block-heading\">6. CONSERVAZIONE DEI DATI PERSONALI<\/h2>\n\n\n\n<p>I Suoi dati personali saranno inseriti e conservati, in conformit\u00e0 ai principi di minimizzazione e limitazione della conservazione di cui all\u2019art. 5.1.c) ed e) del Regolamento, nei sistemi informativi del Titolare, i cui server sono situati all\u2019interno dello Spazio Economico Europeo.\u2028I dati personali trattati per le finalit\u00e0 di cui alla sezione 3.1 e 3.2 saranno conservati per il tempo strettamente necessario a raggiungere quelle stesse finalit\u00e0 ovverossia per il tempo necessario all\u2019esecuzione del contratto, alla prestazione delle garanzie legali o convenzionali, in conformit\u00e0 ai tempi di conservazione obbligatori per legge (vedi anche, in particolare, art. 2946 c.c. e ss.).\u2028\u2028I dati personali trattati per le finalit\u00e0 di cui alla sezione 3.3 saranno conservati fino al tempo previsto dallo specifico obbligo o norma di legge applicabile.\u2028\u2028Per le finalit\u00e0 di cui alla sezione 3.4, i Suoi dati personali saranno trattati fino a che Lei non si sia opposto al trattamento.\u2028\u2028Per le finalit\u00e0 di cui alla sezione 3.5 e 3.6, i suoi dati personali saranno invece conservati fino alla revoca del Suo consenso e, comunque, limitatamente alla finalit\u00e0 di cui alla sezione 3.6 e alle attivit\u00e0 ad essa connesse, non oltre sette anni, decorrenti dalla loro registrazione, conformemente a quanto previsto dal provvedimento dell\u2019Autorit\u00e0 Garante per la protezione dei dati personali in accoglimento alla richiesta di verifica preliminare presentata dal Titolare. Allo stesso modo, per la finalit\u00e0 di cui all\u2019art. 3.7 i Suoi dati saranno conservati non oltre sette anni dalla registrazione. Alla revoca del consenso ovvero alla scadenza del termine di conservazione dei sette anni (se precedente), i dati trattati per la finalit\u00e0 di cui sopra verranno cancellati o resi anonimi in modo permanente.\u2028In generale, il Titolare si riserva in ogni caso di conservare i Suoi dati per il tempo necessario ad adempiere ogni eventuale obbligo normativo cui lo stesso \u00e8 soggetto o per soddisfare eventuali esigenze difensive. Resta infatti salva la possibilit\u00e0 per il Titolare di conservare i Suoi dati personali per il periodo di tempo previsto e ammesso dalla legge Italiana a tutela dei propri interessi (Art. 2947 c.c.).\u2028\u2028Si precisa che, in caso di disattivazione del Suo account, i Suoi dati personali continueranno ad essere trattati da Mimma Moda nel rispetto dei criteri e dei principi sopra evidenziati per tutto il periodo temporale coincidente con tale disattivazione (pari a 12 mesi). Si fa, altres\u00ec, presente che, compatibilmente con i predetti criteri e principi, Mimma Moda conserver\u00e0 tali dati anche in seguito al decorso di tale termine e in caso di totale rimozione del Suo account; si evidenzia, pertanto, che il decorso del predetto termine e la totale rimozione del Suo account non comporteranno necessariamente la cancellazione dei Suoi dati personali o la revoca dei consensi privacy da Lei legittimamente prestati. <\/p>\n\n\n\n<h2 class=\"wp-block-heading\">7. DIRITTI DEGLI INTERESSATI<\/h2>\n\n\n\n<p>Lei, in qualit\u00e0 di Interessato, pu\u00f2 esercitare i diritti di cui agli artt. 15-22 GDPR e revocare in ogni momento i consensi prestati senza pregiudizio alla liceit\u00e0 del trattamento effettuato prima della revoca.\u2028In particolare, potr\u00e0 chiedere l\u2019accesso ai Suoi Dati Personali ai sensi dell\u2019art. 15 GDPR, la rettifica ai sensi dell\u2019art. 16 GDPR, la cancellazione degli stessi ai sensi dell\u2019art. 17 GDPR, la limitazione del trattamento nei casi previsti dall&#8217;art. 18 del GDPR nonch\u00e9 di ottenere la portabilit\u00e0 dei dati che La riguardano nei casi previsti dall&#8217;art. 20 del GDPR.\u2028Lei pu\u00f2 formulare una richiesta di opposizione al trattamento dei Suoi dati ex art. 21 del GDPR nella quale dare evidenza delle ragioni che giustifichino l\u2019opposizione: il Titolare si riserva di valutare la Sua istanza, che non verrebbe accettata in caso di esistenza di motivi legittimi cogenti per procedere al trattamento che prevalgano sui Suoi interessi, diritti e libert\u00e0.<\/p>\n\n\n\n<h2 class=\"wp-block-heading\">8. CONTATTI<\/h2>\n\n\n\n<p>Per esercitare i diritti di cui sopra o per qualunque altra richiesta pu\u00f2 scrivere al Titolare del trattamento all\u2019indirizzo fisico sopra indicato, preferibilmente, inserendo nell\u2019oggetto della comunicazione la dicitura \u201crichiesta esercizio diritti privacy\u201d.<\/p>\n<\/div>\n","protected":false},"excerpt":{"rendered":"<p>Informativa sul trattamento dei dati personali ai sensi degli artt.13 e 14 del Regolamento (UE) 2016\/679 Mimma moda srl., in qualit\u00e0 di Titolare del trattamento (d\u2019ora in avanti: \u201cMimma Moda\u201d o \u201cTitolare\u201d) ai sensi del Regolamento (UE) 2016\/679 (cd. Regolamento Generale per la Protezione dei Dati Personali, d\u2019ora in avanti \u201cRegolamento\u201d) e del D.lgs. n.&hellip; <a class=\"more-link\" href=\"https:\/\/www.styloop.it\/en\/privacy-policy\/\">Continue reading <span class=\"screen-reader-text\">Privacy Policy<\/span><\/a><\/p>","protected":false},"author":1,"featured_media":0,"parent":0,"menu_order":0,"comment_status":"closed","ping_status":"open","template":"","meta":{"inline_featured_image":false,"footnotes":""},"class_list":["post-3","page","type-page","status-publish","hentry","entry"],"_links":{"self":[{"href":"https:\/\/www.styloop.it\/en\/wp-json\/wp\/v2\/pages\/3","targetHints":{"allow":["GET"]}}],"collection":[{"href":"https:\/\/www.styloop.it\/en\/wp-json\/wp\/v2\/pages"}],"about":[{"href":"https:\/\/www.styloop.it\/en\/wp-json\/wp\/v2\/types\/page"}],"author":[{"embeddable":true,"href":"https:\/\/www.styloop.it\/en\/wp-json\/wp\/v2\/users\/1"}],"replies":[{"embeddable":true,"href":"https:\/\/www.styloop.it\/en\/wp-json\/wp\/v2\/comments?post=3"}],"version-history":[{"count":0,"href":"https:\/\/www.styloop.it\/en\/wp-json\/wp\/v2\/pages\/3\/revisions"}],"wp:attachment":[{"href":"https:\/\/www.styloop.it\/en\/wp-json\/wp\/v2\/media?parent=3"}],"curies":[{"name":"wp","href":"https:\/\/api.w.org\/{rel}","templated":true}]}}